{"id":98,"date":"2023-03-18T21:15:18","date_gmt":"2023-03-18T20:15:18","guid":{"rendered":"http:\/\/dds-kruszyn.wloclawek.pl\/?page_id=98"},"modified":"2023-03-29T21:07:27","modified_gmt":"2023-03-29T19:07:27","slug":"oferta","status":"publish","type":"page","link":"http:\/\/dds-kruszyn.wloclawek.pl\/index.php\/oferta\/","title":{"rendered":"Oferta"},"content":{"rendered":"\t\t<div data-elementor-type=\"wp-page\" data-elementor-id=\"98\" class=\"elementor elementor-98\">\n\t\t\t\t\t\t<section class=\"elementor-section elementor-top-section elementor-element elementor-element-e7876e5 elementor-section-content-middle elementor-section-boxed elementor-section-height-default elementor-section-height-default\" data-id=\"e7876e5\" data-element_type=\"section\">\n\t\t\t\t\t\t<div class=\"elementor-container elementor-column-gap-default\">\n\t\t\t\t\t<div class=\"elementor-column elementor-col-50 elementor-top-column elementor-element elementor-element-0ec6f63\" data-id=\"0ec6f63\" data-element_type=\"column\">\n\t\t\t<div class=\"elementor-widget-wrap elementor-element-populated\">\n\t\t\t\t\t\t<div class=\"elementor-element elementor-element-1611952 elementor-widget elementor-widget-text-editor\" data-id=\"1611952\" data-element_type=\"widget\" data-widget_type=\"text-editor.default\">\n\t\t\t\t<div class=\"elementor-widget-container\">\n\t\t\t\t\t\t\t\t\t<p>W naszym dziennym domu seniora, stawiamy na to, aby nasi mieszka\u0144cy mieli zapewnione jak najlepsze warunki do utrzymania lub zwi\u0119kszenia swojej aktywno\u015bci ruchowej oraz kinezyterapii. Dlatego nasze zaj\u0119cia s\u0105 wyposa\u017cone w podstawowy sprz\u0119t, odpowiednio dostosowany do potrzeb i sprawno\u015bci senior\u00f3w. W\u015br\u00f3d naszych przyrz\u0105d\u00f3w znajduj\u0105 si\u0119 m.in. st\u00f3\u0142 rehabilitacyjny, drabinki rehabilitacyjne, maty lub materace do kinezyterapii, rotory do \u0107wicze\u0144 ko\u0144czyn g\u00f3rnych i ko\u0144czyn dolnych, st\u00f3\u0142 lub tablica do \u0107wicze\u0144 manualnych r\u0119ki, a tak\u017ce podstawowe aparaty i sprz\u0119ty rehabilitacyjne.<\/p>\t\t\t\t\t\t\t\t<\/div>\n\t\t\t\t<\/div>\n\t\t\t\t\t<\/div>\n\t\t<\/div>\n\t\t\t\t<div class=\"elementor-column elementor-col-50 elementor-top-column elementor-element elementor-element-79f1685\" data-id=\"79f1685\" data-element_type=\"column\">\n\t\t\t<div class=\"elementor-widget-wrap elementor-element-populated\">\n\t\t\t\t\t\t<div class=\"elementor-element elementor-element-4532d2d elementor-widget elementor-widget-image\" data-id=\"4532d2d\" data-element_type=\"widget\" data-widget_type=\"image.default\">\n\t\t\t\t<div class=\"elementor-widget-container\">\n\t\t\t\t\t\t\t\t\t\t\t\t\t\t\t<img fetchpriority=\"high\" decoding=\"async\" width=\"1024\" height=\"683\" src=\"http:\/\/dds-kruszyn.wloclawek.pl\/wp-content\/uploads\/2023\/03\/energetic-active-middle-aged-female-warming-body-before-running-posing-against-pine-trees-1024x683.jpg\" class=\"attachment-large size-large wp-image-250\" alt=\"\" \/>\t\t\t\t\t\t\t\t\t\t\t\t\t\t\t<\/div>\n\t\t\t\t<\/div>\n\t\t\t\t\t<\/div>\n\t\t<\/div>\n\t\t\t\t\t<\/div>\n\t\t<\/section>\n\t\t\t\t<section class=\"elementor-section elementor-top-section elementor-element elementor-element-cda08bb elementor-section-content-middle elementor-section-boxed elementor-section-height-default elementor-section-height-default\" data-id=\"cda08bb\" data-element_type=\"section\">\n\t\t\t\t\t\t<div class=\"elementor-container elementor-column-gap-default\">\n\t\t\t\t\t<div class=\"elementor-column elementor-col-50 elementor-top-column elementor-element elementor-element-f368263\" data-id=\"f368263\" data-element_type=\"column\">\n\t\t\t<div class=\"elementor-widget-wrap elementor-element-populated\">\n\t\t\t\t\t\t<div class=\"elementor-element elementor-element-27df9c3 elementor-widget elementor-widget-image\" data-id=\"27df9c3\" data-element_type=\"widget\" data-widget_type=\"image.default\">\n\t\t\t\t<div class=\"elementor-widget-container\">\n\t\t\t\t\t\t\t\t\t\t\t\t\t\t\t<img decoding=\"async\" width=\"1024\" height=\"683\" src=\"http:\/\/dds-kruszyn.wloclawek.pl\/wp-content\/uploads\/2023\/03\/szczesliwi-starsi-przyjaciele-cieszacy-sie-wspolnym-ogladaniem-czegos-na-laptopie-w-domu-1024x683.jpg\" class=\"attachment-large size-large wp-image-252\" alt=\"\" \/>\t\t\t\t\t\t\t\t\t\t\t\t\t\t\t<\/div>\n\t\t\t\t<\/div>\n\t\t\t\t\t<\/div>\n\t\t<\/div>\n\t\t\t\t<div class=\"elementor-column elementor-col-50 elementor-top-column elementor-element elementor-element-0e03f73\" data-id=\"0e03f73\" data-element_type=\"column\">\n\t\t\t<div class=\"elementor-widget-wrap elementor-element-populated\">\n\t\t\t\t\t\t<div class=\"elementor-element elementor-element-f964625 elementor-widget elementor-widget-text-editor\" data-id=\"f964625\" data-element_type=\"widget\" data-widget_type=\"text-editor.default\">\n\t\t\t\t<div class=\"elementor-widget-container\">\n\t\t\t\t\t\t\t\t\t<p>\u201eE \u2013 Nowoczesny senior w sieci\u201d. Projekt realizowany jest w ramach programu Ministerstwa Cyfryzacji na dofinansowanie\u00a0 przedsi\u0119wzi\u0119\u0107 polegaj\u0105cych na doposa\u017ceniu stanowisk s\u0142u\u017c\u0105cych do podniesienia kompetencji cyfrowych senior\u00f3w. W ramach przedmiotowego projektu zakupiony zosta\u0142 sprz\u0119t komputerowy: 4 laptopy i 8 tablet\u00f3w wraz z niezb\u0119dnym oprogramowaniem i akcesoriami.<\/p>\t\t\t\t\t\t\t\t<\/div>\n\t\t\t\t<\/div>\n\t\t\t\t\t<\/div>\n\t\t<\/div>\n\t\t\t\t\t<\/div>\n\t\t<\/section>\n\t\t\t\t<section class=\"elementor-section elementor-top-section elementor-element elementor-element-70de557 elementor-section-boxed elementor-section-height-default elementor-section-height-default\" data-id=\"70de557\" data-element_type=\"section\">\n\t\t\t\t\t\t<div class=\"elementor-container elementor-column-gap-default\">\n\t\t\t\t\t<div class=\"elementor-column elementor-col-100 elementor-top-column elementor-element elementor-element-9958d5c\" data-id=\"9958d5c\" data-element_type=\"column\">\n\t\t\t<div class=\"elementor-widget-wrap elementor-element-populated\">\n\t\t\t\t\t\t<div class=\"elementor-element elementor-element-d0850fd elementor-widget elementor-widget-text-editor\" data-id=\"d0850fd\" data-element_type=\"widget\" data-widget_type=\"text-editor.default\">\n\t\t\t\t<div class=\"elementor-widget-container\">\n\t\t\t\t\t\t\t\t\t<p>Nasz dzienny dom seniora stawia na zapewnienie jak najwi\u0119kszego komfortu i wsparcia dla naszych mieszka\u0144c\u00f3w. Dlatego, aby zaspokoi\u0107 ich potrzeby, wsp\u00f3\u0142pracujemy z kilkoma podmiotami, kt\u00f3rych us\u0142ugi s\u0105 odpowiednie dla naszych senior\u00f3w. Nasza oferta obejmuje us\u0142ugi rehabilitacyjne \u015bwiadczone przez firm\u0119 specjalizuj\u0105c\u0105 si\u0119 w tej dziedzinie, dzi\u0119ki czemu nasi mieszka\u0144cy maj\u0105 dost\u0119p do pe\u0142nowarto\u015bciowej opieki medycznej. Katering zapewnia naszym seniorom smaczne i zdrowe posi\u0142ki, dostosowane do ich potrzeb dietetycznych. Wsp\u00f3\u0142pracujemy tak\u017ce z instruktorem ta\u0144ca, kt\u00f3ry prowadzi zaj\u0119cia ruchowe i taneczne, umo\u017cliwiaj\u0105c naszym mieszka\u0144com integracj\u0119 i sp\u0119dzanie czasu w spos\u00f3b aktywny. Terapeuta zaj\u0119ciowy to kolejna osoba, z kt\u00f3r\u0105 wsp\u00f3\u0142pracujemy, pomagaj\u0105ca w zapewnieniu mieszka\u0144com zaj\u0119\u0107 dostosowanych do ich potrzeb, wspomagaj\u0105cych ich rozw\u00f3j i aktywno\u015b\u0107. Nasz zesp\u00f3\u0142 wspomaga tak\u017ce informatyk, kt\u00f3ry dba o odpowiednie funkcjonowanie system\u00f3w komputerowych w naszym domu seniora, a tak\u017ce o bezpiecze\u0144stwo danych i dost\u0119pno\u015b\u0107 narz\u0119dzi informatycznych dla naszych mieszka\u0144c\u00f3w. Dzi\u0119ki tym podmiotom wsp\u00f3\u0142pracuj\u0105cym, nasz dzienny dom seniora jest w stanie zapewni\u0107 naszym mieszka\u0144com kompleksow\u0105 opiek\u0119, spe\u0142niaj\u0105c\u0105 ich potrzeby i oczekiwania.<\/p>\t\t\t\t\t\t\t\t<\/div>\n\t\t\t\t<\/div>\n\t\t\t\t\t<\/div>\n\t\t<\/div>\n\t\t\t\t\t<\/div>\n\t\t<\/section>\n\t\t\t\t<section class=\"elementor-section elementor-top-section elementor-element elementor-element-60829aff elementor-section-boxed elementor-section-height-default elementor-section-height-default\" data-id=\"60829aff\" data-element_type=\"section\">\n\t\t\t\t\t\t<div class=\"elementor-container elementor-column-gap-default\">\n\t\t\t\t\t<div class=\"elementor-column elementor-col-100 elementor-top-column elementor-element elementor-element-3c02dff2\" data-id=\"3c02dff2\" data-element_type=\"column\">\n\t\t\t<div class=\"elementor-widget-wrap elementor-element-populated\">\n\t\t\t\t\t\t<div class=\"elementor-element elementor-element-2ee6e442 elementor-widget elementor-widget-text-editor\" data-id=\"2ee6e442\" data-element_type=\"widget\" data-widget_type=\"text-editor.default\">\n\t\t\t\t<div class=\"elementor-widget-container\">\n\t\t\t\t\t\t\t\t\t<p><\/p>\n<p><\/p>\n<p><\/p>\n<p>Pobyt w Dziennym Domu Senior + w Kruszynie jest odp\u0142atny. Odp\u0142atno\u015b\u0107 za uczestnictwo w Dziennym Domu Senior + w Kruszynie ustala si\u0119 za okres miesi\u0105ca kalendarzowego.&nbsp;<\/p>\n<p>Odp\u0142atno\u015b\u0107 za pobyt obejmuje korzystanie z miejsca pobytu wraz z wy\u017cywieniem oraz us\u0142ugi \u015bwiadczone przez Dom Senior+ w Kruszynie okre\u015bla poni\u017csza tabela.<\/p>\n<p><\/p>\n<p><\/p>\n<figure>\n<table>\n<tbody>\n<tr>\n<td>Doch\u00f3d osoby samotnie gospodaruj\u0105cej lub na osob\u0119 w rodzinie w stosunku do kryterium dochodowego okre\u015blonego w art. 8 ust. 1 ustawy o pomocy spo\u0142ecznej&nbsp;<\/td>\n<td>Miesi\u0119czna odp\u0142atno\u015b\u0107 za pobyt w o\u015brodku wsparcia w stosunku do dochodu osoby samotnie gospodaruj\u0105cej lub na osob\u0119 w rodzinie&nbsp;<\/td>\n<\/tr>\n<tr>\n<td>do 100%<\/td>\n<td>nieodp\u0142atnie&nbsp;<\/td>\n<\/tr>\n<tr>\n<td>powy\u017cej 100% do 200%<\/td>\n<td>50 z\u0142&nbsp;<\/td>\n<\/tr>\n<tr>\n<td>powy\u017cej 200% do 300 %<\/td>\n<td>80 z\u0142&nbsp;<\/td>\n<\/tr>\n<tr>\n<td>powy\u017cej 300%<\/td>\n<td>120 z\u0142&nbsp;<\/td>\n<\/tr>\n<\/tbody>\n<\/table>\n<\/figure>\n<p><\/p>\n<p><\/p>\n<p>Miesi\u0119czna op\u0142ata za uczestnictwo w zaj\u0119ciach Dziennego Domu Senior + w Kruszynie jest ponoszona w wysoko\u015bci &nbsp;wskazanej w powy\u017cszej tabeli bez wzgl\u0119du na &nbsp;liczb\u0119 dni pobytu &nbsp;w Dziennym &nbsp;Domu Seniora+ w Kruszynie. <br><\/p><div dir=\"auto\">Op\u0142aty za pobyt s\u0105 ustalane indywidualnie na podstawie ustawy o pomocy spo\u0142ecznej i przekazywane zainteresowanemu w postaci decyzji administracyjnej<\/div><p><\/p>\n<p>Op\u0142ata za pobyt w Dziennym &nbsp;Domu Senior+ w Kruszynie jest wnoszona na rachunek bankowy Gminnego O\u015brodka Pomocy Spo\u0142ecznej we W\u0142oc\u0142awku&nbsp; w terminie do 15 dnia ka\u017cdego miesi\u0105ca za dany miesi\u0105c.<\/p>\n<p><\/p>\n<p><\/p>\n<p>Konto Bankowe GOPS \u2013 DOM SENIORA <strong>43 9550 0003 2400 0072 0865 002<\/strong><\/p>\n<p><\/p>\t\t\t\t\t\t\t\t<\/div>\n\t\t\t\t<\/div>\n\t\t\t\t\t<\/div>\n\t\t<\/div>\n\t\t\t\t\t<\/div>\n\t\t<\/section>\n\t\t\t\t<\/div>\n\t\t","protected":false},"excerpt":{"rendered":"<p>W naszym dziennym domu seniora, stawiamy na to, aby nasi mieszka\u0144cy mieli zapewnione jak najlepsze warunki do utrzymania lub zwi\u0119kszenia swojej aktywno\u015bci ruchowej oraz kinezyterapii. Dlatego nasze zaj\u0119cia s\u0105 wyposa\u017cone w podstawowy sprz\u0119t, odpowiednio dostosowany do potrzeb i sprawno\u015bci senior\u00f3w. W\u015br\u00f3d naszych przyrz\u0105d\u00f3w znajduj\u0105 si\u0119 m.in. st\u00f3\u0142 rehabilitacyjny, drabinki rehabilitacyjne, maty lub materace do kinezyterapii, [&hellip;]<\/p>\n","protected":false},"author":1,"featured_media":0,"parent":0,"menu_order":0,"comment_status":"closed","ping_status":"closed","template":"","meta":{"site-sidebar-layout":"default","site-content-layout":"","ast-site-content-layout":"","site-content-style":"default","site-sidebar-style":"default","ast-global-header-display":"","ast-banner-title-visibility":"","ast-main-header-display":"","ast-hfb-above-header-display":"","ast-hfb-below-header-display":"","ast-hfb-mobile-header-display":"","site-post-title":"","ast-breadcrumbs-content":"","ast-featured-img":"","footer-sml-layout":"","theme-transparent-header-meta":"","adv-header-id-meta":"","stick-header-meta":"","header-above-stick-meta":"","header-main-stick-meta":"","header-below-stick-meta":"","astra-migrate-meta-layouts":"default","ast-page-background-enabled":"default","ast-page-background-meta":{"desktop":{"background-color":"var(--ast-global-color-4)","background-image":"","background-repeat":"repeat","background-position":"center center","background-size":"auto","background-attachment":"scroll","background-type":"","background-media":"","overlay-type":"","overlay-color":"","overlay-opacity":"","overlay-gradient":""},"tablet":{"background-color":"","background-image":"","background-repeat":"repeat","background-position":"center center","background-size":"auto","background-attachment":"scroll","background-type":"","background-media":"","overlay-type":"","overlay-color":"","overlay-opacity":"","overlay-gradient":""},"mobile":{"background-color":"","background-image":"","background-repeat":"repeat","background-position":"center center","background-size":"auto","background-attachment":"scroll","background-type":"","background-media":"","overlay-type":"","overlay-color":"","overlay-opacity":"","overlay-gradient":""}},"ast-content-background-meta":{"desktop":{"background-color":"var(--ast-global-color-5)","background-image":"","background-repeat":"repeat","background-position":"center center","background-size":"auto","background-attachment":"scroll","background-type":"","background-media":"","overlay-type":"","overlay-color":"","overlay-opacity":"","overlay-gradient":""},"tablet":{"background-color":"var(--ast-global-color-5)","background-image":"","background-repeat":"repeat","background-position":"center center","background-size":"auto","background-attachment":"scroll","background-type":"","background-media":"","overlay-type":"","overlay-color":"","overlay-opacity":"","overlay-gradient":""},"mobile":{"background-color":"var(--ast-global-color-5)","background-image":"","background-repeat":"repeat","background-position":"center center","background-size":"auto","background-attachment":"scroll","background-type":"","background-media":"","overlay-type":"","overlay-color":"","overlay-opacity":"","overlay-gradient":""}},"footnotes":""},"class_list":["post-98","page","type-page","status-publish","hentry"],"rttpg_featured_image_url":null,"rttpg_author":{"display_name":"SW_Admin","author_link":"http:\/\/dds-kruszyn.wloclawek.pl\/index.php\/author\/sw_admin\/"},"rttpg_comment":0,"rttpg_category":null,"rttpg_excerpt":"W naszym dziennym domu seniora, stawiamy na to, aby nasi mieszka\u0144cy mieli zapewnione jak najlepsze warunki do utrzymania lub zwi\u0119kszenia swojej aktywno\u015bci ruchowej oraz kinezyterapii. Dlatego nasze zaj\u0119cia s\u0105 wyposa\u017cone w podstawowy sprz\u0119t, odpowiednio dostosowany do potrzeb i sprawno\u015bci senior\u00f3w. W\u015br\u00f3d naszych przyrz\u0105d\u00f3w znajduj\u0105 si\u0119 m.in. st\u00f3\u0142 rehabilitacyjny, drabinki rehabilitacyjne, maty lub materace do kinezyterapii,&hellip;","_links":{"self":[{"href":"http:\/\/dds-kruszyn.wloclawek.pl\/index.php\/wp-json\/wp\/v2\/pages\/98","targetHints":{"allow":["GET"]}}],"collection":[{"href":"http:\/\/dds-kruszyn.wloclawek.pl\/index.php\/wp-json\/wp\/v2\/pages"}],"about":[{"href":"http:\/\/dds-kruszyn.wloclawek.pl\/index.php\/wp-json\/wp\/v2\/types\/page"}],"author":[{"embeddable":true,"href":"http:\/\/dds-kruszyn.wloclawek.pl\/index.php\/wp-json\/wp\/v2\/users\/1"}],"replies":[{"embeddable":true,"href":"http:\/\/dds-kruszyn.wloclawek.pl\/index.php\/wp-json\/wp\/v2\/comments?post=98"}],"version-history":[{"count":15,"href":"http:\/\/dds-kruszyn.wloclawek.pl\/index.php\/wp-json\/wp\/v2\/pages\/98\/revisions"}],"predecessor-version":[{"id":278,"href":"http:\/\/dds-kruszyn.wloclawek.pl\/index.php\/wp-json\/wp\/v2\/pages\/98\/revisions\/278"}],"wp:attachment":[{"href":"http:\/\/dds-kruszyn.wloclawek.pl\/index.php\/wp-json\/wp\/v2\/media?parent=98"}],"curies":[{"name":"wp","href":"https:\/\/api.w.org\/{rel}","templated":true}]}}