{"id":51,"date":"2023-03-18T20:44:22","date_gmt":"2023-03-18T19:44:22","guid":{"rendered":"http:\/\/dds-kruszyn.wloclawek.pl\/?page_id=51"},"modified":"2023-07-18T11:01:02","modified_gmt":"2023-07-18T09:01:02","slug":"o-nas","status":"publish","type":"page","link":"http:\/\/dds-kruszyn.wloclawek.pl\/index.php\/o-nas\/","title":{"rendered":"O nas"},"content":{"rendered":"\t\t<div data-elementor-type=\"wp-page\" data-elementor-id=\"51\" class=\"elementor elementor-51\">\n\t\t\t\t\t\t<section class=\"elementor-section elementor-top-section elementor-element elementor-element-8d5aeb4 elementor-section-boxed elementor-section-height-default elementor-section-height-default\" data-id=\"8d5aeb4\" data-element_type=\"section\">\n\t\t\t\t\t\t<div class=\"elementor-container elementor-column-gap-default\">\n\t\t\t\t\t<div class=\"elementor-column elementor-col-100 elementor-top-column elementor-element elementor-element-384c95c\" data-id=\"384c95c\" data-element_type=\"column\">\n\t\t\t<div class=\"elementor-widget-wrap elementor-element-populated\">\n\t\t\t\t\t\t<div class=\"elementor-element elementor-element-a5fb397 elementor-widget elementor-widget-heading\" data-id=\"a5fb397\" data-element_type=\"widget\" data-widget_type=\"heading.default\">\n\t\t\t\t<div class=\"elementor-widget-container\">\n\t\t\t\t\t<h2 class=\"elementor-heading-title elementor-size-default\">Dzienny Dom Senior+ w Kruszynie<\/h2>\t\t\t\t<\/div>\n\t\t\t\t<\/div>\n\t\t\t\t<div class=\"elementor-element elementor-element-18fdfcd elementor-widget elementor-widget-text-editor\" data-id=\"18fdfcd\" data-element_type=\"widget\" data-widget_type=\"text-editor.default\">\n\t\t\t\t<div class=\"elementor-widget-container\">\n\t\t\t\t\t\t\t\t\t<p>Dzienny Dom Senior+ w Kruszynie przy ulicy Szkolnej 9 dzia\u0142alno\u015b\u0107 rozpocz\u0105\u0142 1 kwietnia 2022 roku. Funkcjonuje jako o\u015brodek wsparcia dla os\u00f3b starszych i dzia\u0142a w strukturze Gminnego O\u015brodka Pomocy Spo\u0142ecznej Gminy W\u0142oc\u0142awek. Dom dzia\u0142a zgodnie z przepisami: Ustawy z dnia 12 marca 2004 roku o pomocy spo\u0142ecznej,\u00a0\u00a0<\/p>\t\t\t\t\t\t\t\t<\/div>\n\t\t\t\t<\/div>\n\t\t\t\t<div class=\"elementor-element elementor-element-7d2f5d7 elementor-widget elementor-widget-heading\" data-id=\"7d2f5d7\" data-element_type=\"widget\" data-widget_type=\"heading.default\">\n\t\t\t\t<div class=\"elementor-widget-container\">\n\t\t\t\t\t<h2 class=\"elementor-heading-title elementor-size-default\">Us\u0142ugi \u015bwiadczone przez DDS+<\/h2>\t\t\t\t<\/div>\n\t\t\t\t<\/div>\n\t\t\t\t<div class=\"elementor-element elementor-element-1326f1d elementor-widget elementor-widget-text-editor\" data-id=\"1326f1d\" data-element_type=\"widget\" data-widget_type=\"text-editor.default\">\n\t\t\t\t<div class=\"elementor-widget-container\">\n\t\t\t\t\t\t\t\t\t<p>Dzia\u0142alno\u015b\u0107 domu skupia si\u0119 na realizacji podstawowych us\u0142ug maj\u0105cych na celu udzielenie pomocy w codziennych czynno\u015bciach, zapewnieniu gor\u0105cego posi\u0142ku oraz innych us\u0142ug wspomagaj\u0105cych dostosowanych do potrzeb i mo\u017cliwo\u015bci senior\u00f3w wynikaj\u0105cych z wieku i stanu zdrowia. Zakres us\u0142ug obejmuje w szczeg\u00f3lno\u015bci: us\u0142ugi socjalne i opieku\u0144cze, poradnictwo specjalistyczne, terapi\u0119 zaj\u0119ciow\u0105, aktywizacj\u0119 fizyczn\u0105 i umys\u0142ow\u0105 senior\u00f3w, zaj\u0119cia edukacyjne, kulturalne, rekreacyjne, prozdrowotne, \u015bwi\u0119towanie rocznic patriotycznych, religijnych oraz urodzin podopiecznych.<\/p>\t\t\t\t\t\t\t\t<\/div>\n\t\t\t\t<\/div>\n\t\t\t\t\t<\/div>\n\t\t<\/div>\n\t\t\t\t\t<\/div>\n\t\t<\/section>\n\t\t\t\t<section class=\"elementor-section elementor-top-section elementor-element elementor-element-db284fd elementor-section-boxed elementor-section-height-default elementor-section-height-default\" data-id=\"db284fd\" data-element_type=\"section\">\n\t\t\t\t\t\t<div class=\"elementor-container elementor-column-gap-default\">\n\t\t\t\t\t<div class=\"elementor-column elementor-col-100 elementor-top-column elementor-element elementor-element-4285d36\" data-id=\"4285d36\" data-element_type=\"column\">\n\t\t\t<div class=\"elementor-widget-wrap elementor-element-populated\">\n\t\t\t\t\t\t<div class=\"elementor-element elementor-element-f80d7f0 elementor-widget elementor-widget-image\" data-id=\"f80d7f0\" data-element_type=\"widget\" data-widget_type=\"image.default\">\n\t\t\t\t<div class=\"elementor-widget-container\">\n\t\t\t\t\t\t\t\t\t\t\t\t\t\t\t<img fetchpriority=\"high\" decoding=\"async\" width=\"1536\" height=\"864\" src=\"http:\/\/dds-kruszyn.wloclawek.pl\/wp-content\/uploads\/2023\/04\/Warsztaty-laleczki-z-makramy-1-1536x864.jpg\" class=\"attachment-1536x1536 size-1536x1536 wp-image-395\" alt=\"\" \/>\t\t\t\t\t\t\t\t\t\t\t\t\t\t\t<\/div>\n\t\t\t\t<\/div>\n\t\t\t\t\t<\/div>\n\t\t<\/div>\n\t\t\t\t\t<\/div>\n\t\t<\/section>\n\t\t\t\t<section class=\"elementor-section elementor-top-section elementor-element elementor-element-904c227 elementor-section-boxed elementor-section-height-default elementor-section-height-default\" data-id=\"904c227\" data-element_type=\"section\">\n\t\t\t\t\t\t<div class=\"elementor-container elementor-column-gap-default\">\n\t\t\t\t\t<div class=\"elementor-column elementor-col-100 elementor-top-column elementor-element elementor-element-c294c47\" data-id=\"c294c47\" data-element_type=\"column\">\n\t\t\t<div class=\"elementor-widget-wrap elementor-element-populated\">\n\t\t\t\t\t\t<div class=\"elementor-element elementor-element-725746d elementor-widget elementor-widget-heading\" data-id=\"725746d\" data-element_type=\"widget\" data-widget_type=\"heading.default\">\n\t\t\t\t<div class=\"elementor-widget-container\">\n\t\t\t\t\t<h2 class=\"elementor-heading-title elementor-size-default\">Cel dzia\u0142alno\u015bci<\/h2>\t\t\t\t<\/div>\n\t\t\t\t<\/div>\n\t\t\t\t<div class=\"elementor-element elementor-element-4a0670a elementor-widget elementor-widget-text-editor\" data-id=\"4a0670a\" data-element_type=\"widget\" data-widget_type=\"text-editor.default\">\n\t\t\t\t<div class=\"elementor-widget-container\">\n\t\t\t\t\t\t\t\t\t<p>Dom Senior+ w Kruszynie jest plac\u00f3wk\u0105 wspieraj\u0105c\u0105 ludzi starszych z terenu Gminy W\u0142oc\u0142awek, kt\u00f3rzy ze wzgl\u0119du na wiek, chorob\u0119 lub niepe\u0142nosprawno\u015b\u0107 wymagaj\u0105 cz\u0119\u015bciowej opieki i pomocy w zaspokajaniu niezb\u0119dnych potrzeb \u017cyciowych. Wszystkie dzia\u0142ania prowadzone w jednostce nakierowane s\u0105 na utrzymanie senior\u00f3w w dobrej sprawno\u015bci psychofizycznej i zaspokojenie ich potrzeb.<\/p>\t\t\t\t\t\t\t\t<\/div>\n\t\t\t\t<\/div>\n\t\t\t\t\t<\/div>\n\t\t<\/div>\n\t\t\t\t\t<\/div>\n\t\t<\/section>\n\t\t\t\t<section class=\"elementor-section elementor-top-section elementor-element elementor-element-05f55df elementor-section-boxed elementor-section-height-default elementor-section-height-default\" data-id=\"05f55df\" data-element_type=\"section\">\n\t\t\t\t\t\t<div class=\"elementor-container elementor-column-gap-default\">\n\t\t\t\t\t<div class=\"elementor-column elementor-col-100 elementor-top-column elementor-element elementor-element-d175a47\" data-id=\"d175a47\" data-element_type=\"column\">\n\t\t\t<div class=\"elementor-widget-wrap elementor-element-populated\">\n\t\t\t\t\t\t<div class=\"elementor-element elementor-element-0e58b8d elementor-widget elementor-widget-image\" data-id=\"0e58b8d\" data-element_type=\"widget\" data-widget_type=\"image.default\">\n\t\t\t\t<div class=\"elementor-widget-container\">\n\t\t\t\t\t\t\t\t\t\t\t\t\t\t\t<img decoding=\"async\" width=\"980\" height=\"646\" src=\"http:\/\/dds-kruszyn.wloclawek.pl\/wp-content\/uploads\/2023\/03\/4.jpg\" class=\"attachment-large size-large wp-image-74\" alt=\"\" \/>\t\t\t\t\t\t\t\t\t\t\t\t\t\t\t<\/div>\n\t\t\t\t<\/div>\n\t\t\t\t\t<\/div>\n\t\t<\/div>\n\t\t\t\t\t<\/div>\n\t\t<\/section>\n\t\t\t\t<section class=\"elementor-section elementor-top-section elementor-element elementor-element-d0826f1 elementor-section-boxed elementor-section-height-default elementor-section-height-default\" data-id=\"d0826f1\" data-element_type=\"section\">\n\t\t\t\t\t\t<div class=\"elementor-container elementor-column-gap-default\">\n\t\t\t\t\t<div class=\"elementor-column elementor-col-100 elementor-top-column elementor-element elementor-element-a8b8490\" data-id=\"a8b8490\" data-element_type=\"column\">\n\t\t\t<div class=\"elementor-widget-wrap elementor-element-populated\">\n\t\t\t\t\t\t<div class=\"elementor-element elementor-element-9e0a25d elementor-widget elementor-widget-heading\" data-id=\"9e0a25d\" data-element_type=\"widget\" data-widget_type=\"heading.default\">\n\t\t\t\t<div class=\"elementor-widget-container\">\n\t\t\t\t\t<h2 class=\"elementor-heading-title elementor-size-default\">Gor\u0105cy posi\u0142ek<\/h2>\t\t\t\t<\/div>\n\t\t\t\t<\/div>\n\t\t\t\t<div class=\"elementor-element elementor-element-5c7665c elementor-widget elementor-widget-text-editor\" data-id=\"5c7665c\" data-element_type=\"widget\" data-widget_type=\"text-editor.default\">\n\t\t\t\t<div class=\"elementor-widget-container\">\n\t\t\t\t\t\t\t\t\t<p>Gor\u0105cy posi\u0142ek w postaci dwudaniowego obiadu dostarcza sto\u0142\u00f3wka szkolna dzia\u0142aj\u0105ca przy Szkole Podstawowej w Kruszynie. W 2022 roku ilo\u015b\u0107 obiad\u00f3w przekroczy\u0142a 2500 porcji.<\/p>\t\t\t\t\t\t\t\t<\/div>\n\t\t\t\t<\/div>\n\t\t\t\t\t<\/div>\n\t\t<\/div>\n\t\t\t\t\t<\/div>\n\t\t<\/section>\n\t\t\t\t<section class=\"elementor-section elementor-top-section elementor-element elementor-element-8615a78 elementor-section-boxed elementor-section-height-default elementor-section-height-default\" data-id=\"8615a78\" data-element_type=\"section\">\n\t\t\t\t\t\t<div class=\"elementor-container elementor-column-gap-default\">\n\t\t\t\t\t<div class=\"elementor-column elementor-col-100 elementor-top-column elementor-element elementor-element-1091aa2\" data-id=\"1091aa2\" data-element_type=\"column\">\n\t\t\t<div class=\"elementor-widget-wrap elementor-element-populated\">\n\t\t\t\t\t\t<div class=\"elementor-element elementor-element-0cbae90 gallery-spacing-custom elementor-widget elementor-widget-image-gallery\" data-id=\"0cbae90\" data-element_type=\"widget\" data-widget_type=\"image-gallery.default\">\n\t\t\t\t<div class=\"elementor-widget-container\">\n\t\t\t\t\t\t\t<div class=\"elementor-image-gallery\">\n\t\t\t<div id='gallery-1' class='gallery galleryid-51 gallery-columns-2 gallery-size-medium_large'><figure class='gallery-item'>\n\t\t\t<div class='gallery-icon landscape'>\n\t\t\t\t<a data-elementor-open-lightbox=\"yes\" data-elementor-lightbox-slideshow=\"0cbae90\" data-elementor-lightbox-title=\"5\" data-e-action-hash=\"#elementor-action%3Aaction%3Dlightbox%26settings%3DeyJpZCI6NzUsInVybCI6Imh0dHA6XC9cL2Rkcy1rcnVzenluLndsb2NsYXdlay5wbFwvd3AtY29udGVudFwvdXBsb2Fkc1wvMjAyM1wvMDNcLzUuanBnIiwic2xpZGVzaG93IjoiMGNiYWU5MCJ9\" href='http:\/\/dds-kruszyn.wloclawek.pl\/wp-content\/uploads\/2023\/03\/5.jpg'><img decoding=\"async\" width=\"768\" height=\"498\" src=\"http:\/\/dds-kruszyn.wloclawek.pl\/wp-content\/uploads\/2023\/03\/5-768x498.jpg\" class=\"attachment-medium_large size-medium_large\" alt=\"\" \/><\/a>\n\t\t\t<\/div><\/figure><figure class='gallery-item'>\n\t\t\t<div class='gallery-icon landscape'>\n\t\t\t\t<a data-elementor-open-lightbox=\"yes\" data-elementor-lightbox-slideshow=\"0cbae90\" data-elementor-lightbox-title=\"3\" data-e-action-hash=\"#elementor-action%3Aaction%3Dlightbox%26settings%3DeyJpZCI6NzMsInVybCI6Imh0dHA6XC9cL2Rkcy1rcnVzenluLndsb2NsYXdlay5wbFwvd3AtY29udGVudFwvdXBsb2Fkc1wvMjAyM1wvMDNcLzMuanBnIiwic2xpZGVzaG93IjoiMGNiYWU5MCJ9\" href='http:\/\/dds-kruszyn.wloclawek.pl\/wp-content\/uploads\/2023\/03\/3.jpg'><img loading=\"lazy\" decoding=\"async\" width=\"768\" height=\"500\" src=\"http:\/\/dds-kruszyn.wloclawek.pl\/wp-content\/uploads\/2023\/03\/3-768x500.jpg\" class=\"attachment-medium_large size-medium_large\" alt=\"\" \/><\/a>\n\t\t\t<\/div><\/figure>\n\t\t<\/div>\n\t\t<\/div>\n\t\t\t\t\t\t<\/div>\n\t\t\t\t<\/div>\n\t\t\t\t\t<\/div>\n\t\t<\/div>\n\t\t\t\t\t<\/div>\n\t\t<\/section>\n\t\t\t\t<\/div>\n\t\t","protected":false},"excerpt":{"rendered":"<p>Dzienny Dom Senior+ w Kruszynie Dzienny Dom Senior+ w Kruszynie przy ulicy Szkolnej 9 dzia\u0142alno\u015b\u0107 rozpocz\u0105\u0142 1 kwietnia 2022 roku. Funkcjonuje jako o\u015brodek wsparcia dla os\u00f3b starszych i dzia\u0142a w strukturze Gminnego O\u015brodka Pomocy Spo\u0142ecznej Gminy W\u0142oc\u0142awek. Dom dzia\u0142a zgodnie z przepisami: Ustawy z dnia 12 marca 2004 roku o pomocy spo\u0142ecznej,\u00a0\u00a0 Us\u0142ugi \u015bwiadczone przez [&hellip;]<\/p>\n","protected":false},"author":1,"featured_media":0,"parent":0,"menu_order":0,"comment_status":"closed","ping_status":"closed","template":"","meta":{"site-sidebar-layout":"default","site-content-layout":"","ast-site-content-layout":"","site-content-style":"default","site-sidebar-style":"default","ast-global-header-display":"","ast-banner-title-visibility":"","ast-main-header-display":"","ast-hfb-above-header-display":"","ast-hfb-below-header-display":"","ast-hfb-mobile-header-display":"","site-post-title":"","ast-breadcrumbs-content":"","ast-featured-img":"","footer-sml-layout":"","theme-transparent-header-meta":"","adv-header-id-meta":"","stick-header-meta":"","header-above-stick-meta":"","header-main-stick-meta":"","header-below-stick-meta":"","astra-migrate-meta-layouts":"default","ast-page-background-enabled":"default","ast-page-background-meta":{"desktop":{"background-color":"var(--ast-global-color-4)","background-image":"","background-repeat":"repeat","background-position":"center center","background-size":"auto","background-attachment":"scroll","background-type":"","background-media":"","overlay-type":"","overlay-color":"","overlay-opacity":"","overlay-gradient":""},"tablet":{"background-color":"","background-image":"","background-repeat":"repeat","background-position":"center center","background-size":"auto","background-attachment":"scroll","background-type":"","background-media":"","overlay-type":"","overlay-color":"","overlay-opacity":"","overlay-gradient":""},"mobile":{"background-color":"","background-image":"","background-repeat":"repeat","background-position":"center center","background-size":"auto","background-attachment":"scroll","background-type":"","background-media":"","overlay-type":"","overlay-color":"","overlay-opacity":"","overlay-gradient":""}},"ast-content-background-meta":{"desktop":{"background-color":"var(--ast-global-color-5)","background-image":"","background-repeat":"repeat","background-position":"center center","background-size":"auto","background-attachment":"scroll","background-type":"","background-media":"","overlay-type":"","overlay-color":"","overlay-opacity":"","overlay-gradient":""},"tablet":{"background-color":"var(--ast-global-color-5)","background-image":"","background-repeat":"repeat","background-position":"center center","background-size":"auto","background-attachment":"scroll","background-type":"","background-media":"","overlay-type":"","overlay-color":"","overlay-opacity":"","overlay-gradient":""},"mobile":{"background-color":"var(--ast-global-color-5)","background-image":"","background-repeat":"repeat","background-position":"center center","background-size":"auto","background-attachment":"scroll","background-type":"","background-media":"","overlay-type":"","overlay-color":"","overlay-opacity":"","overlay-gradient":""}},"footnotes":""},"class_list":["post-51","page","type-page","status-publish","hentry"],"rttpg_featured_image_url":null,"rttpg_author":{"display_name":"SW_Admin","author_link":"http:\/\/dds-kruszyn.wloclawek.pl\/index.php\/author\/sw_admin\/"},"rttpg_comment":0,"rttpg_category":null,"rttpg_excerpt":"Dzienny Dom Senior+ w Kruszynie Dzienny Dom Senior+ w Kruszynie przy ulicy Szkolnej 9 dzia\u0142alno\u015b\u0107 rozpocz\u0105\u0142 1 kwietnia 2022 roku. Funkcjonuje jako o\u015brodek wsparcia dla os\u00f3b starszych i dzia\u0142a w strukturze Gminnego O\u015brodka Pomocy Spo\u0142ecznej Gminy W\u0142oc\u0142awek. Dom dzia\u0142a zgodnie z przepisami: Ustawy z dnia 12 marca 2004 roku o pomocy spo\u0142ecznej,\u00a0\u00a0 Us\u0142ugi \u015bwiadczone przez&hellip;","_links":{"self":[{"href":"http:\/\/dds-kruszyn.wloclawek.pl\/index.php\/wp-json\/wp\/v2\/pages\/51","targetHints":{"allow":["GET"]}}],"collection":[{"href":"http:\/\/dds-kruszyn.wloclawek.pl\/index.php\/wp-json\/wp\/v2\/pages"}],"about":[{"href":"http:\/\/dds-kruszyn.wloclawek.pl\/index.php\/wp-json\/wp\/v2\/types\/page"}],"author":[{"embeddable":true,"href":"http:\/\/dds-kruszyn.wloclawek.pl\/index.php\/wp-json\/wp\/v2\/users\/1"}],"replies":[{"embeddable":true,"href":"http:\/\/dds-kruszyn.wloclawek.pl\/index.php\/wp-json\/wp\/v2\/comments?post=51"}],"version-history":[{"count":39,"href":"http:\/\/dds-kruszyn.wloclawek.pl\/index.php\/wp-json\/wp\/v2\/pages\/51\/revisions"}],"predecessor-version":[{"id":513,"href":"http:\/\/dds-kruszyn.wloclawek.pl\/index.php\/wp-json\/wp\/v2\/pages\/51\/revisions\/513"}],"wp:attachment":[{"href":"http:\/\/dds-kruszyn.wloclawek.pl\/index.php\/wp-json\/wp\/v2\/media?parent=51"}],"curies":[{"name":"wp","href":"https:\/\/api.w.org\/{rel}","templated":true}]}}