{"id":221,"date":"2023-03-19T15:07:22","date_gmt":"2023-03-19T14:07:22","guid":{"rendered":"http:\/\/dds-kruszyn.wloclawek.pl\/?page_id=221"},"modified":"2023-03-29T21:36:53","modified_gmt":"2023-03-29T19:36:53","slug":"aktualnosci","status":"publish","type":"page","link":"http:\/\/dds-kruszyn.wloclawek.pl\/index.php\/aktualnosci\/","title":{"rendered":"Aktualno\u015bci"},"content":{"rendered":"\t\t<div data-elementor-type=\"wp-page\" data-elementor-id=\"221\" class=\"elementor elementor-221\">\n\t\t\t\t\t\t<section class=\"elementor-section elementor-top-section elementor-element elementor-element-f5d9765 elementor-section-boxed elementor-section-height-default elementor-section-height-default\" data-id=\"f5d9765\" data-element_type=\"section\">\n\t\t\t\t\t\t<div class=\"elementor-container elementor-column-gap-default\">\n\t\t\t\t\t<div class=\"elementor-column elementor-col-100 elementor-top-column elementor-element elementor-element-ffee1e3\" data-id=\"ffee1e3\" data-element_type=\"column\">\n\t\t\t<div class=\"elementor-widget-wrap elementor-element-populated\">\n\t\t\t\t\t\t<div class=\"elementor-element elementor-element-f364ed4 section-title-style-default meta-visibility-show title_position_default title_hover_border_default title-default img_hover_animation_default meta_position_default readmore-btn-default-style grid-hover-overlay-type-always tpg-el-box-border-enable tpg-border-bottom-disable elementor-widget elementor-widget-tpg-grid-layout\" data-id=\"f364ed4\" data-element_type=\"widget\" data-widget_type=\"tpg-grid-layout.default\">\n\t\t\t\t<div class=\"elementor-widget-container\">\n\t\t\t\t\t\t\t<div class=\"rt-container-fluid rt-tpg-container tpg-el-main-wrapper clearfix grid-layout4-main \"\n\t\t\t id=\"rt-tpg-container-1843142300\"\n\t\t\t data-layout=\"grid-layout4\"\n\t\t\t data-grid-style=\"tpg-full-height\"\n\t\t\t data-sc-id=\"elementor\"\n\t\t\t data-el-settings=''\n\t\t\t data-el-query=''\n\t\t\t data-el-path=''\n\t\t>\n\t\t\t\t\t\t<div class='tpg-header-wrapper '>\n\t\t\t\t\n        <div class=\"tpg-widget-heading-wrapper rt-clear heading-default \">\n            <span class=\"tpg-widget-heading-line line-left\"><\/span>\n\t\t\t<h2 class='tpg-widget-heading'>\n\t\t\t\n\t\t\t\t<span class='prefix-text'><\/span>Aktualno\u015bci<span class='suffix-text'><\/span>\n\t\t\t\t\t\t\t<\/h2>            <span class=\"tpg-widget-heading-line line-right\"><\/span>\n\n\t\t\t\n        <\/div>\n\n\t\t\n\t\t\t\t\t<\/div>\n\n\t\t\t<div data-title=\"Loading ...\" class=\"rt-row rt-content-loader grid-layout4 grid-behaviour tpg-full-height grid_layout_wrapper\">\n\t\t\t\t\n<div class=\"rt-col-md-6 rt-col-sm-6 rt-col-xs-12 default rt-grid-item\" data-id=\"1532\">\n\t<div class=\"rt-holder tpg-post-holder\">\n\t\t<div class=\"rt-detail rt-el-content-wrapper\">\n\t\t\t\t\t\t\t<div class=\"rt-img-holder tpg-el-image-wrap has-no-thumbnail\">\n\t\t\t\t\t<a data-id=\"1532\" href=\"http:\/\/dds-kruszyn.wloclawek.pl\/index.php\/2025\/03\/31\/obowiazek-informacyjny-rodo\/\" class=\"tpg-post-link\" target=\"_self\">\t\t\n\t\t<\/a>\n\t\t        <div class=\"overlay grid-hover-content\"><\/div>\n\t\t\t\t\t\t<\/div>\n\t\t\t\n\t\t\t<div class=\"entry-title-wrapper\"><h3 class=\"entry-title\"><a data-id=\"1532\" href=\"http:\/\/dds-kruszyn.wloclawek.pl\/index.php\/2025\/03\/31\/obowiazek-informacyjny-rodo\/\" class=\"tpg-post-link\" target=\"_self\">Obowi\u0105zek informacyjny (RODO)<\/a><\/h3><\/div>\n\t\t\t\t\t\t\t<div class=\"post-meta-tags rt-el-post-meta\">\n\t\t\t\t\t            <span class='date'>\n\t\t\t\t<i class='far fa-calendar-alt '><\/i>\t\t\t\t                    <a href=\"http:\/\/dds-kruszyn.wloclawek.pl\/index.php\/2025\/03\/31\/\">\n\t\t\t\t\t2025-03-31\t\t\t\t<\/a>\n\t\t\t\t\t\t\t<\/span>\n\t\t\t\t\t\t\t<\/div>\n\t\t\t\n\t\t\t\t\t\t\t<div class=\"tpg-excerpt tpg-el-excerpt\">\n\t\t\t\t\t\t\t\t\t\t\t<div class=\"tpg-excerpt-inner\">\n\t\t\t\t\t\t\tPoni\u017csza informacja stanowi zwi\u0119z\u0142y, zrozumia\u0142y i przejrzysty skr\u00f3t informacji zamieszczonych w Polityce Prywatno\u015bci odno\u015bnie Administratora danych, celu i sposobu przetwarzania danych osobowych oraz...\t\t\t\t\t\t<\/div>\n\t\t\t\t\t\t\t\t\t\t\t\t\t\t<\/div>\n\t\t\t\n\t\t\t        <div class=\"post-footer\">\n            <div class=\"post-footer\">\n                <div class=\"read-more\">\n\t\t\t\t\t<a data-id=\"1532\" href=\"http:\/\/dds-kruszyn.wloclawek.pl\/index.php\/2025\/03\/31\/obowiazek-informacyjny-rodo\/\" class=\"tpg-post-link\" target=\"_self\">Czytaj dalej<\/a>                <\/div>\n            <\/div>\n        <\/div>\n\t\t\t\t<\/div>\n\t<\/div>\n<\/div>\n\n<div class=\"rt-col-md-6 rt-col-sm-6 rt-col-xs-12 default rt-grid-item\" data-id=\"1530\">\n\t<div class=\"rt-holder tpg-post-holder\">\n\t\t<div class=\"rt-detail rt-el-content-wrapper\">\n\t\t\t\t\t\t\t<div class=\"rt-img-holder tpg-el-image-wrap has-no-thumbnail\">\n\t\t\t\t\t<a data-id=\"1530\" href=\"http:\/\/dds-kruszyn.wloclawek.pl\/index.php\/2025\/03\/31\/deklaracja-dostepnosci\/\" class=\"tpg-post-link\" target=\"_self\">\t\t\n\t\t<\/a>\n\t\t        <div class=\"overlay grid-hover-content\"><\/div>\n\t\t\t\t\t\t<\/div>\n\t\t\t\n\t\t\t<div class=\"entry-title-wrapper\"><h3 class=\"entry-title\"><a data-id=\"1530\" href=\"http:\/\/dds-kruszyn.wloclawek.pl\/index.php\/2025\/03\/31\/deklaracja-dostepnosci\/\" class=\"tpg-post-link\" target=\"_self\">Deklaracja dost\u0119pno\u015bci<\/a><\/h3><\/div>\n\t\t\t\t\t\t\t<div class=\"post-meta-tags rt-el-post-meta\">\n\t\t\t\t\t            <span class='date'>\n\t\t\t\t<i class='far fa-calendar-alt '><\/i>\t\t\t\t                    <a href=\"http:\/\/dds-kruszyn.wloclawek.pl\/index.php\/2025\/03\/31\/\">\n\t\t\t\t\t2025-03-31\t\t\t\t<\/a>\n\t\t\t\t\t\t\t<\/span>\n\t\t\t\t\t\t\t<\/div>\n\t\t\t\n\t\t\t\t\t\t\t<div class=\"tpg-excerpt tpg-el-excerpt\">\n\t\t\t\t\t\t\t\t\t\t\t<div class=\"tpg-excerpt-inner\">\n\t\t\t\t\t\t\tCentrum Us\u0142ug Spo\u0142ecznych w Gminie W\u0142oc\u0142awek zobowi\u0105zuje si\u0119 zapewni\u0107 dost\u0119pno\u015b\u0107 swojej strony internetowej zgodnie z przepisami ustawy z dnia 4 kwietnia 2019 r. o dost\u0119pno\u015bci cyfrowej stron...\t\t\t\t\t\t<\/div>\n\t\t\t\t\t\t\t\t\t\t\t\t\t\t<\/div>\n\t\t\t\n\t\t\t        <div class=\"post-footer\">\n            <div class=\"post-footer\">\n                <div class=\"read-more\">\n\t\t\t\t\t<a data-id=\"1530\" href=\"http:\/\/dds-kruszyn.wloclawek.pl\/index.php\/2025\/03\/31\/deklaracja-dostepnosci\/\" class=\"tpg-post-link\" target=\"_self\">Czytaj dalej<\/a>                <\/div>\n            <\/div>\n        <\/div>\n\t\t\t\t<\/div>\n\t<\/div>\n<\/div>\n\n<div class=\"rt-col-md-6 rt-col-sm-6 rt-col-xs-12 default rt-grid-item\" data-id=\"1521\">\n\t<div class=\"rt-holder tpg-post-holder\">\n\t\t<div class=\"rt-detail rt-el-content-wrapper\">\n\t\t\t\t\t\t\t<div class=\"rt-img-holder tpg-el-image-wrap has-no-thumbnail\">\n\t\t\t\t\t<a data-id=\"1521\" href=\"http:\/\/dds-kruszyn.wloclawek.pl\/index.php\/2024\/10\/11\/wycieczka-do-muzeum-ii-wojny-swiatowej-w-gdansku-spacer-w-sopocie\/\" class=\"tpg-post-link\" target=\"_self\">\t\t\n\t\t<\/a>\n\t\t        <div class=\"overlay grid-hover-content\"><\/div>\n\t\t\t\t\t\t<\/div>\n\t\t\t\n\t\t\t<div class=\"entry-title-wrapper\"><h3 class=\"entry-title\"><a data-id=\"1521\" href=\"http:\/\/dds-kruszyn.wloclawek.pl\/index.php\/2024\/10\/11\/wycieczka-do-muzeum-ii-wojny-swiatowej-w-gdansku-spacer-w-sopocie\/\" class=\"tpg-post-link\" target=\"_self\">Wycieczka do Muzeum II Wojny \u015awiatowej w Gda\u0144sku, spacer w Sopocie<\/a><\/h3><\/div>\n\t\t\t\t\t\t\t<div class=\"post-meta-tags rt-el-post-meta\">\n\t\t\t\t\t            <span class='date'>\n\t\t\t\t<i class='far fa-calendar-alt '><\/i>\t\t\t\t                    <a href=\"http:\/\/dds-kruszyn.wloclawek.pl\/index.php\/2024\/10\/11\/\">\n\t\t\t\t\t2024-10-11\t\t\t\t<\/a>\n\t\t\t\t\t\t\t<\/span>\n\t\t\t\t\t\t\t<\/div>\n\t\t\t\n\t\t\t\t\t\t\t<div class=\"tpg-excerpt tpg-el-excerpt\">\n\t\t\t\t\t\t\t\t\t\t\t<div class=\"tpg-excerpt-inner\">\n\t\t\t\t\t\t\t8 pa\u017adziernika 2024r. dzi\u0119ki uprzejmo\u015bci i go\u015bcinno\u015bci Dziennego Domu Pomocy w Sm\u00f3lniku pojechali\u015bmy do Gda\u0144ska zwiedzi\u0107 Muzeum II Wojny \u015awiatowej, gdzie z uwag\u0105 i zainteresowaniem obejrzeli\u015bmy...\t\t\t\t\t\t<\/div>\n\t\t\t\t\t\t\t\t\t\t\t\t\t\t<\/div>\n\t\t\t\n\t\t\t        <div class=\"post-footer\">\n            <div class=\"post-footer\">\n                <div class=\"read-more\">\n\t\t\t\t\t<a data-id=\"1521\" href=\"http:\/\/dds-kruszyn.wloclawek.pl\/index.php\/2024\/10\/11\/wycieczka-do-muzeum-ii-wojny-swiatowej-w-gdansku-spacer-w-sopocie\/\" class=\"tpg-post-link\" target=\"_self\">Czytaj dalej<\/a>                <\/div>\n            <\/div>\n        <\/div>\n\t\t\t\t<\/div>\n\t<\/div>\n<\/div>\n\n<div class=\"rt-col-md-6 rt-col-sm-6 rt-col-xs-12 default rt-grid-item\" data-id=\"1273\">\n\t<div class=\"rt-holder tpg-post-holder\">\n\t\t<div class=\"rt-detail rt-el-content-wrapper\">\n\t\t\t\t\t\t\t<div class=\"rt-img-holder tpg-el-image-wrap has-no-thumbnail\">\n\t\t\t\t\t<a data-id=\"1273\" href=\"http:\/\/dds-kruszyn.wloclawek.pl\/index.php\/2024\/06\/06\/__trashed\/\" class=\"tpg-post-link\" target=\"_self\">\t\t\n\t\t<\/a>\n\t\t        <div class=\"overlay grid-hover-content\"><\/div>\n\t\t\t\t\t\t<\/div>\n\t\t\t\n\t\t\t<div class=\"entry-title-wrapper\"><h3 class=\"entry-title\"><a data-id=\"1273\" href=\"http:\/\/dds-kruszyn.wloclawek.pl\/index.php\/2024\/06\/06\/__trashed\/\" class=\"tpg-post-link\" target=\"_self\">Zwiedzanie Muzeum Ziemi i Dobrzy\u0144skiej we W\u0142oc\u0142awku 4 czerwca 2024r.<\/a><\/h3><\/div>\n\t\t\t\t\t\t\t<div class=\"post-meta-tags rt-el-post-meta\">\n\t\t\t\t\t            <span class='date'>\n\t\t\t\t<i class='far fa-calendar-alt '><\/i>\t\t\t\t                    <a href=\"http:\/\/dds-kruszyn.wloclawek.pl\/index.php\/2024\/06\/06\/\">\n\t\t\t\t\t2024-06-06\t\t\t\t<\/a>\n\t\t\t\t\t\t\t<\/span>\n\t\t\t\t\t\t\t<\/div>\n\t\t\t\n\t\t\t\t\t\t\t<div class=\"tpg-excerpt tpg-el-excerpt\">\n\t\t\t\t\t\t\t\t\t\t\t<div class=\"tpg-excerpt-inner\">\n\t\t\t\t\t\t\tMUZEUM ZIEMI KUJAWSKIEJ I DOBRZY\u0143SKIEJ WE W\u0141OC\u0141AWKU O ODDZIALE Budynek przy ul. S\u0142owackiego 1a zosta\u0142 wzniesiony w latach 1925-1930 z przeznaczeniem na pomieszczenie Muzeum Kujawskiego. Autorem...\t\t\t\t\t\t<\/div>\n\t\t\t\t\t\t\t\t\t\t\t\t\t\t<\/div>\n\t\t\t\n\t\t\t        <div class=\"post-footer\">\n            <div class=\"post-footer\">\n                <div class=\"read-more\">\n\t\t\t\t\t<a data-id=\"1273\" href=\"http:\/\/dds-kruszyn.wloclawek.pl\/index.php\/2024\/06\/06\/__trashed\/\" class=\"tpg-post-link\" target=\"_self\">Czytaj dalej<\/a>                <\/div>\n            <\/div>\n        <\/div>\n\t\t\t\t<\/div>\n\t<\/div>\n<\/div>\n\n<div class=\"rt-col-md-6 rt-col-sm-6 rt-col-xs-12 default rt-grid-item\" data-id=\"1227\">\n\t<div class=\"rt-holder tpg-post-holder\">\n\t\t<div class=\"rt-detail rt-el-content-wrapper\">\n\t\t\t\t\t\t\t<div class=\"rt-img-holder tpg-el-image-wrap has-no-thumbnail\">\n\t\t\t\t\t<a data-id=\"1227\" href=\"http:\/\/dds-kruszyn.wloclawek.pl\/index.php\/2024\/03\/27\/sniadanie-wielkanocne-27-03-2024\/\" class=\"tpg-post-link\" target=\"_self\">\t\t\n\t\t<\/a>\n\t\t        <div class=\"overlay grid-hover-content\"><\/div>\n\t\t\t\t\t\t<\/div>\n\t\t\t\n\t\t\t<div class=\"entry-title-wrapper\"><h3 class=\"entry-title\"><a data-id=\"1227\" href=\"http:\/\/dds-kruszyn.wloclawek.pl\/index.php\/2024\/03\/27\/sniadanie-wielkanocne-27-03-2024\/\" class=\"tpg-post-link\" target=\"_self\">\u015aniadanie Wielkanocne 27.03.2024<\/a><\/h3><\/div>\n\t\t\t\t\t\t\t<div class=\"post-meta-tags rt-el-post-meta\">\n\t\t\t\t\t            <span class='date'>\n\t\t\t\t<i class='far fa-calendar-alt '><\/i>\t\t\t\t                    <a href=\"http:\/\/dds-kruszyn.wloclawek.pl\/index.php\/2024\/03\/27\/\">\n\t\t\t\t\t2024-03-27\t\t\t\t<\/a>\n\t\t\t\t\t\t\t<\/span>\n\t\t\t\t\t\t\t<\/div>\n\t\t\t\n\t\t\t\t\t\t\t<div class=\"tpg-excerpt tpg-el-excerpt\">\n\t\t\t\t\t\t\t\t\t\t\t<div class=\"tpg-excerpt-inner\">\n\t\t\t\t\t\t\tZ okazji \u015bniadania Wielkanocnego odwiedzili nas dzi\u015b Pani W\u00f3jt Magdalena Korpolak-Komorowska, Kierownik Gminnego O\u015brodka Pomocy Spo\u0142ecznej Pani El\u017cbieta Grzeg\u00f3rska, Ksi\u0119gowa Pani Joanna Korpolak...\t\t\t\t\t\t<\/div>\n\t\t\t\t\t\t\t\t\t\t\t\t\t\t<\/div>\n\t\t\t\n\t\t\t        <div class=\"post-footer\">\n            <div class=\"post-footer\">\n                <div class=\"read-more\">\n\t\t\t\t\t<a data-id=\"1227\" href=\"http:\/\/dds-kruszyn.wloclawek.pl\/index.php\/2024\/03\/27\/sniadanie-wielkanocne-27-03-2024\/\" class=\"tpg-post-link\" target=\"_self\">Czytaj dalej<\/a>                <\/div>\n            <\/div>\n        <\/div>\n\t\t\t\t<\/div>\n\t<\/div>\n<\/div>\n\n<div class=\"rt-col-md-6 rt-col-sm-6 rt-col-xs-12 default rt-grid-item\" data-id=\"1200\">\n\t<div class=\"rt-holder tpg-post-holder\">\n\t\t<div class=\"rt-detail rt-el-content-wrapper\">\n\t\t\t\t\t\t\t<div class=\"rt-img-holder tpg-el-image-wrap has-no-thumbnail\">\n\t\t\t\t\t<a data-id=\"1200\" href=\"http:\/\/dds-kruszyn.wloclawek.pl\/index.php\/2024\/01\/15\/karnawal\/\" class=\"tpg-post-link\" target=\"_self\">\t\t\n\t\t<\/a>\n\t\t        <div class=\"overlay grid-hover-content\"><\/div>\n\t\t\t\t\t\t<\/div>\n\t\t\t\n\t\t\t<div class=\"entry-title-wrapper\"><h3 class=\"entry-title\"><a data-id=\"1200\" href=\"http:\/\/dds-kruszyn.wloclawek.pl\/index.php\/2024\/01\/15\/karnawal\/\" class=\"tpg-post-link\" target=\"_self\">Karnawa\u0142<\/a><\/h3><\/div>\n\t\t\t\t\t\t\t<div class=\"post-meta-tags rt-el-post-meta\">\n\t\t\t\t\t            <span class='date'>\n\t\t\t\t<i class='far fa-calendar-alt '><\/i>\t\t\t\t                    <a href=\"http:\/\/dds-kruszyn.wloclawek.pl\/index.php\/2024\/01\/15\/\">\n\t\t\t\t\t2024-01-15\t\t\t\t<\/a>\n\t\t\t\t\t\t\t<\/span>\n\t\t\t\t\t\t\t<\/div>\n\t\t\t\n\t\t\t\t\t\t\t<div class=\"tpg-excerpt tpg-el-excerpt\">\n\t\t\t\t\t\t\t\t\t\t\t<div class=\"tpg-excerpt-inner\">\n\t\t\t\t\t\t\tZ rado\u015bci\u0105, \u015bpiewem i ta\u0144cem szykowali\u015bmy si\u0119 na t\u0142usty czwartek. Na zaj\u0119ciach z r\u0119kodzie\u0142a przygotowali\u015bmy maski, a na kulinarnych sma\u017cyli\u015bmy mini p\u0105czki i faworki. Tematem przewodnim by\u0142y lata...\t\t\t\t\t\t<\/div>\n\t\t\t\t\t\t\t\t\t\t\t\t\t\t<\/div>\n\t\t\t\n\t\t\t        <div class=\"post-footer\">\n            <div class=\"post-footer\">\n                <div class=\"read-more\">\n\t\t\t\t\t<a data-id=\"1200\" href=\"http:\/\/dds-kruszyn.wloclawek.pl\/index.php\/2024\/01\/15\/karnawal\/\" class=\"tpg-post-link\" target=\"_self\">Czytaj dalej<\/a>                <\/div>\n            <\/div>\n        <\/div>\n\t\t\t\t<\/div>\n\t<\/div>\n<\/div>\n\n<div class=\"rt-col-md-6 rt-col-sm-6 rt-col-xs-12 default rt-grid-item\" data-id=\"910\">\n\t<div class=\"rt-holder tpg-post-holder\">\n\t\t<div class=\"rt-detail rt-el-content-wrapper\">\n\t\t\t\t\t\t\t<div class=\"rt-img-holder tpg-el-image-wrap has-thumbnail\">\n\t\t\t\t\t<a data-id=\"910\" href=\"http:\/\/dds-kruszyn.wloclawek.pl\/index.php\/2024\/01\/04\/spotkanie-wigilijne\/\" class=\"tpg-post-link\" target=\"_self\">                        <img fetchpriority=\"high\" decoding=\"async\" src=\"http:\/\/dds-kruszyn.wloclawek.pl\/wp-content\/uploads\/2024\/01\/20231219_102609-768x576.jpg\"\n                             class=\"rt-img-responsive\"\n                             width=\"768\"\n                             height=\"576\"\n                             alt=\"Spotkanie Wigilijne\">\n\t\t\t\t\t\t\n\t\t\t\t\t\t\t\n\t\t<\/a>\n\t\t        <div class=\"overlay grid-hover-content\"><\/div>\n\t\t\t\t\t\t<\/div>\n\t\t\t\n\t\t\t<div class=\"entry-title-wrapper\"><h3 class=\"entry-title\"><a data-id=\"910\" href=\"http:\/\/dds-kruszyn.wloclawek.pl\/index.php\/2024\/01\/04\/spotkanie-wigilijne\/\" class=\"tpg-post-link\" target=\"_self\">Spotkanie Wigilijne<\/a><\/h3><\/div>\n\t\t\t\t\t\t\t<div class=\"post-meta-tags rt-el-post-meta\">\n\t\t\t\t\t            <span class='date'>\n\t\t\t\t<i class='far fa-calendar-alt '><\/i>\t\t\t\t                    <a href=\"http:\/\/dds-kruszyn.wloclawek.pl\/index.php\/2024\/01\/04\/\">\n\t\t\t\t\t2024-01-04\t\t\t\t<\/a>\n\t\t\t\t\t\t\t<\/span>\n\t\t\t\t\t\t\t<\/div>\n\t\t\t\n\t\t\t\t\t\t\t<div class=\"tpg-excerpt tpg-el-excerpt\">\n\t\t\t\t\t\t\t\t\t\t\t<div class=\"tpg-excerpt-inner\">\n\t\t\t\t\t\t\t19 grudnia 2023 to data bardzo wyczekiwana w naszym kalendarzu. Przygotowania do spotkania Wigilijnego trwa\u0142y, a zaanga\u017cowani w nie byli wszyscy Seniorzy. Z pocz\u0105tkiem grudnia panowie obsadzili i...\t\t\t\t\t\t<\/div>\n\t\t\t\t\t\t\t\t\t\t\t\t\t\t<\/div>\n\t\t\t\n\t\t\t        <div class=\"post-footer\">\n            <div class=\"post-footer\">\n                <div class=\"read-more\">\n\t\t\t\t\t<a data-id=\"910\" href=\"http:\/\/dds-kruszyn.wloclawek.pl\/index.php\/2024\/01\/04\/spotkanie-wigilijne\/\" class=\"tpg-post-link\" target=\"_self\">Czytaj dalej<\/a>                <\/div>\n            <\/div>\n        <\/div>\n\t\t\t\t<\/div>\n\t<\/div>\n<\/div>\n\n<div class=\"rt-col-md-6 rt-col-sm-6 rt-col-xs-12 default rt-grid-item\" data-id=\"969\">\n\t<div class=\"rt-holder tpg-post-holder\">\n\t\t<div class=\"rt-detail rt-el-content-wrapper\">\n\t\t\t\t\t\t\t<div class=\"rt-img-holder tpg-el-image-wrap has-no-thumbnail\">\n\t\t\t\t\t<a data-id=\"969\" href=\"http:\/\/dds-kruszyn.wloclawek.pl\/index.php\/2023\/12\/15\/kopalnia-soli-w-klodawie-12-12-2023\/\" class=\"tpg-post-link\" target=\"_self\">\t\t\n\t\t<\/a>\n\t\t        <div class=\"overlay grid-hover-content\"><\/div>\n\t\t\t\t\t\t<\/div>\n\t\t\t\n\t\t\t<div class=\"entry-title-wrapper\"><h3 class=\"entry-title\"><a data-id=\"969\" href=\"http:\/\/dds-kruszyn.wloclawek.pl\/index.php\/2023\/12\/15\/kopalnia-soli-w-klodawie-12-12-2023\/\" class=\"tpg-post-link\" target=\"_self\">Kopalnia soli w K\u0142odawie 12.12.2023<\/a><\/h3><\/div>\n\t\t\t\t\t\t\t<div class=\"post-meta-tags rt-el-post-meta\">\n\t\t\t\t\t            <span class='date'>\n\t\t\t\t<i class='far fa-calendar-alt '><\/i>\t\t\t\t                    <a href=\"http:\/\/dds-kruszyn.wloclawek.pl\/index.php\/2023\/12\/15\/\">\n\t\t\t\t\t2023-12-15\t\t\t\t<\/a>\n\t\t\t\t\t\t\t<\/span>\n\t\t\t\t\t\t\t<\/div>\n\t\t\t\n\t\t\t\t\t\t\t<div class=\"tpg-excerpt tpg-el-excerpt\">\n\t\t\t\t\t\t\t\t\t\t\t<div class=\"tpg-excerpt-inner\">\n\t\t\t\t\t\t\tWraz z przewodnikiem zwiedzili\u015bmy podziemn\u0105 tras\u0119 turystyczn\u0105. Kopalnia Soli \u201eK\u0142odawa\u201d jest to najwi\u0119kszy producent soli w Polsce. Administracyjnie kopalnia soli w K\u0142odawie po\u0142o\u017cona jest w...\t\t\t\t\t\t<\/div>\n\t\t\t\t\t\t\t\t\t\t\t\t\t\t<\/div>\n\t\t\t\n\t\t\t        <div class=\"post-footer\">\n            <div class=\"post-footer\">\n                <div class=\"read-more\">\n\t\t\t\t\t<a data-id=\"969\" href=\"http:\/\/dds-kruszyn.wloclawek.pl\/index.php\/2023\/12\/15\/kopalnia-soli-w-klodawie-12-12-2023\/\" class=\"tpg-post-link\" target=\"_self\">Czytaj dalej<\/a>                <\/div>\n            <\/div>\n        <\/div>\n\t\t\t\t<\/div>\n\t<\/div>\n<\/div>\n\n<div class=\"rt-col-md-6 rt-col-sm-6 rt-col-xs-12 default rt-grid-item\" data-id=\"1157\">\n\t<div class=\"rt-holder tpg-post-holder\">\n\t\t<div class=\"rt-detail rt-el-content-wrapper\">\n\t\t\t\t\t\t\t<div class=\"rt-img-holder tpg-el-image-wrap has-no-thumbnail\">\n\t\t\t\t\t<a data-id=\"1157\" href=\"http:\/\/dds-kruszyn.wloclawek.pl\/index.php\/2023\/12\/12\/weekend-w-osrodku-edukacji-ekologicznej-w-gorznie\/\" class=\"tpg-post-link\" target=\"_self\">\t\t\n\t\t<\/a>\n\t\t        <div class=\"overlay grid-hover-content\"><\/div>\n\t\t\t\t\t\t<\/div>\n\t\t\t\n\t\t\t<div class=\"entry-title-wrapper\"><h3 class=\"entry-title\"><a data-id=\"1157\" href=\"http:\/\/dds-kruszyn.wloclawek.pl\/index.php\/2023\/12\/12\/weekend-w-osrodku-edukacji-ekologicznej-w-gorznie\/\" class=\"tpg-post-link\" target=\"_self\">Weekend w O\u015brodku Edukacji Ekologicznej w G\u00f3rznie<\/a><\/h3><\/div>\n\t\t\t\t\t\t\t<div class=\"post-meta-tags rt-el-post-meta\">\n\t\t\t\t\t            <span class='date'>\n\t\t\t\t<i class='far fa-calendar-alt '><\/i>\t\t\t\t                    <a href=\"http:\/\/dds-kruszyn.wloclawek.pl\/index.php\/2023\/12\/12\/\">\n\t\t\t\t\t2023-12-12\t\t\t\t<\/a>\n\t\t\t\t\t\t\t<\/span>\n\t\t\t\t\t\t\t<\/div>\n\t\t\t\n\t\t\t\t\t\t\t<div class=\"tpg-excerpt tpg-el-excerpt\">\n\t\t\t\t\t\t\t\t\t\t\t<div class=\"tpg-excerpt-inner\">\n\t\t\t\t\t\t\tDzi\u015b spotkali\u015bmy si\u0119 o godzinie 9, by wsp\u00f3lnie wyruszy\u0107 na wyjazd integracyjny do najmniejszego w Polsce, pi\u0119knie po\u0142o\u017conego miasteczka jakim jest G\u00f3rzno. Po dojechaniu na miejsce zostali\u015bmy...\t\t\t\t\t\t<\/div>\n\t\t\t\t\t\t\t\t\t\t\t\t\t\t<\/div>\n\t\t\t\n\t\t\t        <div class=\"post-footer\">\n            <div class=\"post-footer\">\n                <div class=\"read-more\">\n\t\t\t\t\t<a data-id=\"1157\" href=\"http:\/\/dds-kruszyn.wloclawek.pl\/index.php\/2023\/12\/12\/weekend-w-osrodku-edukacji-ekologicznej-w-gorznie\/\" class=\"tpg-post-link\" target=\"_self\">Czytaj dalej<\/a>                <\/div>\n            <\/div>\n        <\/div>\n\t\t\t\t<\/div>\n\t<\/div>\n<\/div>\n\t\t\t<\/div>\n\t\t\t\n\t\t<\/div>\n\t\t\t\t\t\t<\/div>\n\t\t\t\t<\/div>\n\t\t\t\t\t<\/div>\n\t\t<\/div>\n\t\t\t\t\t<\/div>\n\t\t<\/section>\n\t\t\t\t<\/div>\n\t\t","protected":false},"excerpt":{"rendered":"<p>Aktualno\u015bci Przekazanie sprz\u0119tu komputerowego dla Dziennego Domu \u201eSenior+\u201d \u00a0w Kruszynie 2023-03-09 9 marca br. mia\u0142o miejsce uroczyste przekazanie sprz\u0119tu komputerowego na r\u0119ce Opiekuna Dziennego Domu \u201eSenior+\u201d w Kruszynie Pani Joanny Osieckiej. Zakup sprz\u0119tu wsp\u00f3\u0142finansowany zosta\u0142 w ramach &#8230; Czytaj dalej \u201eE \u2013 Nowoczesny senior w sieci\u201d 2023-01-03 Gmina W\u0142oc\u0142awek otrzyma\u0142a dotacj\u0119 z Ministerstwa Cyfryzacji na [&hellip;]<\/p>\n","protected":false},"author":1,"featured_media":0,"parent":0,"menu_order":0,"comment_status":"closed","ping_status":"closed","template":"","meta":{"site-sidebar-layout":"no-sidebar","site-content-layout":"page-builder","ast-site-content-layout":"","site-content-style":"default","site-sidebar-style":"default","ast-global-header-display":"","ast-banner-title-visibility":"","ast-main-header-display":"","ast-hfb-above-header-display":"","ast-hfb-below-header-display":"","ast-hfb-mobile-header-display":"","site-post-title":"disabled","ast-breadcrumbs-content":"","ast-featured-img":"disabled","footer-sml-layout":"","theme-transparent-header-meta":"","adv-header-id-meta":"","stick-header-meta":"","header-above-stick-meta":"","header-main-stick-meta":"","header-below-stick-meta":"","astra-migrate-meta-layouts":"default","ast-page-background-enabled":"default","ast-page-background-meta":{"desktop":{"background-color":"var(--ast-global-color-4)","background-image":"","background-repeat":"repeat","background-position":"center center","background-size":"auto","background-attachment":"scroll","background-type":"","background-media":"","overlay-type":"","overlay-color":"","overlay-opacity":"","overlay-gradient":""},"tablet":{"background-color":"","background-image":"","background-repeat":"repeat","background-position":"center center","background-size":"auto","background-attachment":"scroll","background-type":"","background-media":"","overlay-type":"","overlay-color":"","overlay-opacity":"","overlay-gradient":""},"mobile":{"background-color":"","background-image":"","background-repeat":"repeat","background-position":"center center","background-size":"auto","background-attachment":"scroll","background-type":"","background-media":"","overlay-type":"","overlay-color":"","overlay-opacity":"","overlay-gradient":""}},"ast-content-background-meta":{"desktop":{"background-color":"var(--ast-global-color-5)","background-image":"","background-repeat":"repeat","background-position":"center center","background-size":"auto","background-attachment":"scroll","background-type":"","background-media":"","overlay-type":"","overlay-color":"","overlay-opacity":"","overlay-gradient":""},"tablet":{"background-color":"var(--ast-global-color-5)","background-image":"","background-repeat":"repeat","background-position":"center center","background-size":"auto","background-attachment":"scroll","background-type":"","background-media":"","overlay-type":"","overlay-color":"","overlay-opacity":"","overlay-gradient":""},"mobile":{"background-color":"var(--ast-global-color-5)","background-image":"","background-repeat":"repeat","background-position":"center center","background-size":"auto","background-attachment":"scroll","background-type":"","background-media":"","overlay-type":"","overlay-color":"","overlay-opacity":"","overlay-gradient":""}},"footnotes":""},"class_list":["post-221","page","type-page","status-publish","hentry"],"rttpg_featured_image_url":null,"rttpg_author":{"display_name":"SW_Admin","author_link":"http:\/\/dds-kruszyn.wloclawek.pl\/index.php\/author\/sw_admin\/"},"rttpg_comment":0,"rttpg_category":"","rttpg_excerpt":"Aktualno\u015bci Przekazanie sprz\u0119tu komputerowego dla Dziennego Domu \u201eSenior+\u201d \u00a0w Kruszynie 2023-03-09 9 marca br. mia\u0142o miejsce uroczyste przekazanie sprz\u0119tu komputerowego na r\u0119ce Opiekuna Dziennego Domu \u201eSenior+\u201d w Kruszynie Pani Joanny Osieckiej. Zakup sprz\u0119tu wsp\u00f3\u0142finansowany zosta\u0142 w ramach &#8230; Czytaj dalej \u201eE \u2013 Nowoczesny senior w sieci\u201d 2023-01-03 Gmina W\u0142oc\u0142awek otrzyma\u0142a dotacj\u0119 z Ministerstwa Cyfryzacji na&hellip;","_links":{"self":[{"href":"http:\/\/dds-kruszyn.wloclawek.pl\/index.php\/wp-json\/wp\/v2\/pages\/221","targetHints":{"allow":["GET"]}}],"collection":[{"href":"http:\/\/dds-kruszyn.wloclawek.pl\/index.php\/wp-json\/wp\/v2\/pages"}],"about":[{"href":"http:\/\/dds-kruszyn.wloclawek.pl\/index.php\/wp-json\/wp\/v2\/types\/page"}],"author":[{"embeddable":true,"href":"http:\/\/dds-kruszyn.wloclawek.pl\/index.php\/wp-json\/wp\/v2\/users\/1"}],"replies":[{"embeddable":true,"href":"http:\/\/dds-kruszyn.wloclawek.pl\/index.php\/wp-json\/wp\/v2\/comments?post=221"}],"version-history":[{"count":10,"href":"http:\/\/dds-kruszyn.wloclawek.pl\/index.php\/wp-json\/wp\/v2\/pages\/221\/revisions"}],"predecessor-version":[{"id":302,"href":"http:\/\/dds-kruszyn.wloclawek.pl\/index.php\/wp-json\/wp\/v2\/pages\/221\/revisions\/302"}],"wp:attachment":[{"href":"http:\/\/dds-kruszyn.wloclawek.pl\/index.php\/wp-json\/wp\/v2\/media?parent=221"}],"curies":[{"name":"wp","href":"https:\/\/api.w.org\/{rel}","templated":true}]}}